{"id":8012,"date":"2025-01-10T11:25:01","date_gmt":"2025-01-10T11:25:01","guid":{"rendered":"https:\/\/energiekalphenaandenrijn.nl\/?page_id=8012"},"modified":"2026-04-30T09:19:08","modified_gmt":"2026-04-30T09:19:08","slug":"%d8%a8%d9%8a%d8%a7%d9%86-%d8%a7%d9%84%d8%ae%d8%b5%d9%88%d8%b5%d9%8a%d8%a9","status":"publish","type":"page","link":"https:\/\/energiekalphenaandenrijn.nl\/ar\/privacyverklaring\/","title":{"rendered":"\u0628\u064a\u0627\u0646 \u0627\u0644\u062e\u0635\u0648\u0635\u064a\u0629"},"content":{"rendered":"<div class=\"fusion-fullwidth fullwidth-box fusion-builder-row-1 fusion-flex-container nonhundred-percent-fullwidth non-hundred-percent-height-scrolling\" style=\"--awb-border-radius-top-left:0px;--awb-border-radius-top-right:0px;--awb-border-radius-bottom-right:0px;--awb-border-radius-bottom-left:0px;--awb-flex-wrap:wrap;\" ><div class=\"fusion-builder-row fusion-row fusion-flex-align-items-flex-start fusion-flex-content-wrap\" style=\"max-width:calc( 1200px + 50px );margin-left: calc(-50px \/ 2 );margin-right: calc(-50px \/ 2 );\"><div class=\"fusion-layout-column fusion_builder_column fusion-builder-column-0 fusion_builder_column_1_1 1_1 fusion-flex-column\" style=\"--awb-bg-size:cover;--awb-width-large:100%;--awb-margin-top-large:0px;--awb-spacing-right-large:25px;--awb-margin-bottom-large:0px;--awb-spacing-left-large:25px;--awb-width-medium:100%;--awb-spacing-right-medium:25px;--awb-spacing-left-medium:25px;--awb-width-small:100%;--awb-spacing-right-small:25px;--awb-spacing-left-small:25px;\"><div class=\"fusion-column-wrapper fusion-flex-justify-content-flex-start fusion-content-layout-column\"><div class=\"fusion-text fusion-text-1\"><h3>Privacyverklaring Energie Co\u00f6peratie Energiek Alphen aan den Rijn<\/h3>\n<p>1 februari 2025<\/p>\n<p>Bij Energie Co\u00f6peratie Energiek Alphen aan den Rijn hechten wij veel waarde aan uw privacy. Wij verwerken persoonsgegevens uitsluitend in overeenstemming met de geldende\u00a0privacywetgeving, waaronder de Algemene Verordening Gegevensbescherming (AVG). Deze privacyverklaring beschrijft hoe wij omgaan met de gegevens van onze leden en welke maatregelen wij nemen om deze gegevens te beschermen.<\/p>\n<h4>1.\u00a0\u00a0 Wie zijn wij?<\/h4>\n<p>Energie Co\u00f6peratie Energiek Alphen aan den Rijn is een samenwerkingsverband van leden die gezamenlijk duurzame energie opwekken, delen en beheren.<\/p>\n<p>Wij zijn gevestigd op Bergmolen 81 2406 KW Alphen aan den Rijn en ingeschreven bij de Kamer van Koophandel onder nummer 62310194. Voor vragen over privacy kunt u contact opnemen via <a href=\"mailto:secretaris@energiekalphen.nl\">secretaris@energiekalphen.nl<\/a>.<\/p>\n<h4>2.\u00a0\u00a0 Welke gegevens verzamelen wij en waarom?<\/h4>\n<p>Om het energie delen tussen onze leden te optimaliseren, verzamelen wij de volgende persoonsgegevens:<\/p>\n<p><strong>Persoonsgegevens<\/strong><\/p>\n<ul>\n<li>Naam, adres en contactgegevens (e-mail en telefoon)<\/li>\n<li>Lidmaatschapsnummer<\/li>\n<li>Betaalgegevens (voor facturatie en betalingen)<\/li>\n<\/ul>\n<p><strong>Energiegerelateerde gegevens<\/strong><\/p>\n<ul>\n<li>Verbruik en opwekking van energie (bijvoorbeeld via slimme meters)<\/li>\n<li>Tijdstippen van verbruik en opwekking<\/li>\n<li>Overige data die nodig is voor het optimaliseren van energieverdeling en -beheer binnen de co\u00f6peratie<\/li>\n<\/ul>\n<p><strong>Technische gegevens<\/strong><\/p>\n<ul>\n<li>Gegevens van het aangesloten energiesysteem (zoals zonnepanelen, warmtepompen, laadpalen, )<\/li>\n<\/ul>\n<p><strong>Doeleinden van verwerking:<\/strong><\/p>\n<ul>\n<li>Optimalisatie van energieverdeling en -gebruik tussen leden<\/li>\n<li>Analyse en rapportage (bijvoorbeeld inzicht in duurzaamheidsdoelen)<\/li>\n<\/ul>\n<h4>3.\u00a0\u00a0 Rechtsgrond voor verwerking<\/h4>\n<p>Wij verwerken uw gegevens op basis van:<\/p>\n<ul>\n<li><strong>Gerechtvaardigd belang: <\/strong>Zoals optimalisatie van energiebeheer binnen de co\u00f6peratie.<\/li>\n<\/ul>\n<h4>4.\u00a0\u00a0 Hoe beschermen wij uw gegevens?<\/h4>\n<p>Wij nemen passende technische en organisatorische maatregelen om uw gegevens te beschermen tegen verlies, misbruik of ongeoorloofde toegang. Denk hierbij aan:<\/p>\n<ul>\n<li>Versleuteling van dataoverdracht (bijvoorbeeld via SSL)<\/li>\n<li>Beperking van toegang tot gegevens tot bevoegde medewerkers<\/li>\n<li>Regelmatige beveiligingsaudits en updates van systemen<\/li>\n<\/ul>\n<h4>5.\u00a0\u00a0 Hoe lang bewaren wij uw gegevens?<\/h4>\n<p>Uw persoonsgegevens worden niet langer bewaard dan noodzakelijk is voor de doeleinden waarvoor zij worden verzameld. Concreet hanteren wij de volgende bewaartermijnen:<\/p>\n<ul>\n<li><strong>Energie gerelateerde gegevens: <\/strong>Maximaal \u00e9\u00e9n jaar na be\u00ebindiging van uw lidmaatschap<\/li>\n<\/ul>\n<h4>6.\u00a0\u00a0 Met wie delen wij uw gegevens?<\/h4>\n<p>Wij delen uw gegevens alleen met derden indien dat noodzakelijk is voor de uitvoering van onze diensten, zoals:<\/p>\n<ul>\n<li>Leveranciers van energiebeheersystemen<\/li>\n<li>Administratieve of technische dienstverleners<\/li>\n<\/ul>\n<p>Wij sluiten verwerkersovereenkomsten met deze partijen om te waarborgen dat zij uw gegevens zorgvuldig en veilig behandelen.<\/p>\n<h4>7.\u00a0\u00a0 Uw rechten<\/h4>\n<p>U heeft de volgende rechten met betrekking tot uw persoonsgegevens:<\/p>\n<ul>\n<li><strong>Inzage: <\/strong>U kunt opvragen welke gegevens wij van u<\/li>\n<li><strong>Correctie: <\/strong>U kunt verzoeken onjuiste gegevens aan te<\/li>\n<li><strong>Verwijdering: <\/strong>U kunt verzoeken gegevens te laten verwijderen (tenzij wij wettelijk verplicht zijn deze te bewaren).<\/li>\n<li><strong>Beperking: <\/strong>U kunt de verwerking van uw gegevens<\/li>\n<li><strong>Bezwaar: <\/strong>U kunt bezwaar maken tegen de verwerking van uw<\/li>\n<li><strong>Gegevensoverdracht: <\/strong>U kunt verzoeken om uw gegevens over te dragen aan uzelf of een andere<\/li>\n<\/ul>\n<p>U kunt een verzoek indienen via <a href=\"mailto:secretaris@energiekalphen.nl.\">secretaris@energiekalphen.nl.<\/a> Wij reageren binnen een termijn van \u00e9\u00e9n maand.<\/p>\n<h4>8.\u00a0\u00a0 Toestemming intrekken<\/h4>\n<p>Wanneer de verwerking van uw gegevens gebaseerd is op toestemming, kunt u deze<\/p>\n<p>toestemming te allen tijde intrekken. Dit heeft geen invloed op de rechtmatigheid van de verwerking v\u00f3\u00f3r de intrekking.<\/p>\n<h4>9.\u00a0\u00a0 Klachten<\/h4>\n<p>Als u vindt dat wij niet zorgvuldig omgaan met uw gegevens, kunt u een klacht indienen bij de Autoriteit Persoonsgegevens via <a href=\"http:\/\/www.autoriteitpersoonsgegevens.nl\">www.autoriteitpersoonsgegevens.nl<\/a>.<\/p>\n<h4>10.\u00a0\u00a0 Wijzigingen in deze privacyverklaring<\/h4>\n<p>Wij behouden ons het recht voor om deze privacyverklaring te wijzigen. Wij raden u aan om regelmatig onze website te raadplegen voor updates. Bij ingrijpende wijzigingen informeren wij u actief.<\/p>\n<p>Voor vragen over deze privacyverklaring of onze verwerking van gegevens kunt u contact opnemen via <a href=\"mailto:secretaris@energiekalphen.nl\">secretaris@energiekalphen.nl<\/a>.<\/p>\n<h4>Laten we samen bouwen aan een duurzame, betaalbare en betrouwbare toekomst.<\/h4>\n<p>Met vriendelijke groet,<br \/>\nEnergie Co\u00f6peratie Energiek Alphen aan den Rijn<\/p>\n<\/div><\/div><\/div><\/div><\/div>","protected":false},"excerpt":{"rendered":"","protected":false},"author":4,"featured_media":0,"parent":0,"menu_order":0,"comment_status":"closed","ping_status":"closed","template":"100-width.php","meta":{"_acf_changed":false,"footnotes":""},"class_list":["post-8012","page","type-page","status-publish","hentry"],"acf":[],"yoast_head":"<!-- This site is optimized with the Yoast SEO plugin v27.4 - https:\/\/yoast.com\/product\/yoast-seo-wordpress\/ -->\n<title>Privacyverklaring - Energiek Alphen aan den Rijn<\/title>\n<meta name=\"robots\" content=\"index, follow, max-snippet:-1, max-image-preview:large, max-video-preview:-1\" \/>\n<link rel=\"canonical\" href=\"https:\/\/energiekalphenaandenrijn.nl\/ar\/\u0628\u064a\u0627\u0646-\u0627\u0644\u062e\u0635\u0648\u0635\u064a\u0629\/\" \/>\n<meta property=\"og:locale\" content=\"ar_AR\" \/>\n<meta property=\"og:type\" content=\"article\" \/>\n<meta property=\"og:title\" content=\"Privacyverklaring - Energiek Alphen aan den Rijn\" \/>\n<meta property=\"og:url\" content=\"https:\/\/energiekalphenaandenrijn.nl\/ar\/\u0628\u064a\u0627\u0646-\u0627\u0644\u062e\u0635\u0648\u0635\u064a\u0629\/\" \/>\n<meta property=\"og:site_name\" content=\"Energiek Alphen aan den Rijn\" \/>\n<meta property=\"article:modified_time\" content=\"2026-04-30T09:19:08+00:00\" \/>\n<meta name=\"twitter:card\" content=\"summary_large_image\" \/>\n<meta name=\"twitter:label1\" content=\"Est. reading time\" \/>\n\t<meta name=\"twitter:data1\" content=\"3 minutes\" \/>\n<script type=\"application\/ld+json\" class=\"yoast-schema-graph\">{\"@context\":\"https:\\\/\\\/schema.org\",\"@graph\":[{\"@type\":\"WebPage\",\"@id\":\"https:\\\/\\\/energiekalphenaandenrijn.nl\\\/privacyverklaring\\\/\",\"url\":\"https:\\\/\\\/energiekalphenaandenrijn.nl\\\/privacyverklaring\\\/\",\"name\":\"Privacyverklaring - Energiek Alphen aan den Rijn\",\"isPartOf\":{\"@id\":\"https:\\\/\\\/energiekalphenaandenrijn.nl\\\/#website\"},\"datePublished\":\"2025-01-10T11:25:01+00:00\",\"dateModified\":\"2026-04-30T09:19:08+00:00\",\"breadcrumb\":{\"@id\":\"https:\\\/\\\/energiekalphenaandenrijn.nl\\\/privacyverklaring\\\/#breadcrumb\"},\"inLanguage\":\"ar\",\"potentialAction\":[{\"@type\":\"ReadAction\",\"target\":[\"https:\\\/\\\/energiekalphenaandenrijn.nl\\\/privacyverklaring\\\/\"]}]},{\"@type\":\"BreadcrumbList\",\"@id\":\"https:\\\/\\\/energiekalphenaandenrijn.nl\\\/privacyverklaring\\\/#breadcrumb\",\"itemListElement\":[{\"@type\":\"ListItem\",\"position\":1,\"name\":\"Home\",\"item\":\"https:\\\/\\\/energiekalphenaandenrijn.nl\\\/\"},{\"@type\":\"ListItem\",\"position\":2,\"name\":\"Privacyverklaring\"}]},{\"@type\":\"WebSite\",\"@id\":\"https:\\\/\\\/energiekalphenaandenrijn.nl\\\/#website\",\"url\":\"https:\\\/\\\/energiekalphenaandenrijn.nl\\\/\",\"name\":\"Energiek Alphen aan den Rijn\",\"description\":\"\",\"potentialAction\":[{\"@type\":\"SearchAction\",\"target\":{\"@type\":\"EntryPoint\",\"urlTemplate\":\"https:\\\/\\\/energiekalphenaandenrijn.nl\\\/?s={search_term_string}\"},\"query-input\":{\"@type\":\"PropertyValueSpecification\",\"valueRequired\":true,\"valueName\":\"search_term_string\"}}],\"inLanguage\":\"ar\"}]}<\/script>\n<!-- \/ Yoast SEO plugin. -->","yoast_head_json":{"title":"\u0628\u064a\u0627\u0646 \u0627\u0644\u062e\u0635\u0648\u0635\u064a\u0629 - Energiek Alphen aan den Rijn","robots":{"index":"index","follow":"follow","max-snippet":"max-snippet:-1","max-image-preview":"max-image-preview:large","max-video-preview":"max-video-preview:-1"},"canonical":"https:\/\/energiekalphenaandenrijn.nl\/ar\/\u0628\u064a\u0627\u0646-\u0627\u0644\u062e\u0635\u0648\u0635\u064a\u0629\/","og_locale":"ar_AR","og_type":"article","og_title":"Privacyverklaring - Energiek Alphen aan den Rijn","og_url":"https:\/\/energiekalphenaandenrijn.nl\/ar\/\u0628\u064a\u0627\u0646-\u0627\u0644\u062e\u0635\u0648\u0635\u064a\u0629\/","og_site_name":"Energiek Alphen aan den Rijn","article_modified_time":"2026-04-30T09:19:08+00:00","twitter_card":"summary_large_image","twitter_misc":{"Est. reading time":"3 minutes"},"schema":{"@context":"https:\/\/schema.org","@graph":[{"@type":"WebPage","@id":"https:\/\/energiekalphenaandenrijn.nl\/privacyverklaring\/","url":"https:\/\/energiekalphenaandenrijn.nl\/privacyverklaring\/","name":"\u0628\u064a\u0627\u0646 \u0627\u0644\u062e\u0635\u0648\u0635\u064a\u0629 - Energiek Alphen aan den Rijn","isPartOf":{"@id":"https:\/\/energiekalphenaandenrijn.nl\/#website"},"datePublished":"2025-01-10T11:25:01+00:00","dateModified":"2026-04-30T09:19:08+00:00","breadcrumb":{"@id":"https:\/\/energiekalphenaandenrijn.nl\/privacyverklaring\/#breadcrumb"},"inLanguage":"ar","potentialAction":[{"@type":"ReadAction","target":["https:\/\/energiekalphenaandenrijn.nl\/privacyverklaring\/"]}]},{"@type":"BreadcrumbList","@id":"https:\/\/energiekalphenaandenrijn.nl\/privacyverklaring\/#breadcrumb","itemListElement":[{"@type":"ListItem","position":1,"name":"Home","item":"https:\/\/energiekalphenaandenrijn.nl\/"},{"@type":"ListItem","position":2,"name":"Privacyverklaring"}]},{"@type":"WebSite","@id":"https:\/\/energiekalphenaandenrijn.nl\/#website","url":"https:\/\/energiekalphenaandenrijn.nl\/","name":"\u0627\u0644\u0641\u064a\u0646 \u0622\u0646 \u062f\u0646 \u0631\u0627\u064a\u0646 \u0627\u0644\u0646\u0634\u0637","description":"","potentialAction":[{"@type":"SearchAction","target":{"@type":"EntryPoint","urlTemplate":"https:\/\/energiekalphenaandenrijn.nl\/?s={search_term_string}"},"query-input":{"@type":"PropertyValueSpecification","valueRequired":true,"valueName":"search_term_string"}}],"inLanguage":"ar"}]}},"_links":{"self":[{"href":"https:\/\/energiekalphenaandenrijn.nl\/ar\/wp-json\/wp\/v2\/pages\/8012","targetHints":{"allow":["GET"]}}],"collection":[{"href":"https:\/\/energiekalphenaandenrijn.nl\/ar\/wp-json\/wp\/v2\/pages"}],"about":[{"href":"https:\/\/energiekalphenaandenrijn.nl\/ar\/wp-json\/wp\/v2\/types\/page"}],"author":[{"embeddable":true,"href":"https:\/\/energiekalphenaandenrijn.nl\/ar\/wp-json\/wp\/v2\/users\/4"}],"replies":[{"embeddable":true,"href":"https:\/\/energiekalphenaandenrijn.nl\/ar\/wp-json\/wp\/v2\/comments?post=8012"}],"version-history":[{"count":10,"href":"https:\/\/energiekalphenaandenrijn.nl\/ar\/wp-json\/wp\/v2\/pages\/8012\/revisions"}],"predecessor-version":[{"id":10476,"href":"https:\/\/energiekalphenaandenrijn.nl\/ar\/wp-json\/wp\/v2\/pages\/8012\/revisions\/10476"}],"wp:attachment":[{"href":"https:\/\/energiekalphenaandenrijn.nl\/ar\/wp-json\/wp\/v2\/media?parent=8012"}],"curies":[{"name":"\u062f\u0628\u0644\u064a\u0648 \u0628\u064a","href":"https:\/\/api.w.org\/{rel}","templated":true}]}}